{"id":7,"date":"2020-12-03T06:51:01","date_gmt":"2020-12-03T06:51:01","guid":{"rendered":"https:\/\/keresoember.hu\/en\/home\/"},"modified":"2025-01-28T14:02:01","modified_gmt":"2025-01-28T14:02:01","slug":"home","status":"publish","type":"page","link":"https:\/\/keresoember.hu\/en\/","title":{"rendered":"Home"},"content":{"rendered":"\n\n\nPathfinderS foundation\n<h2>KERES\u0150 EMBER ALAP\u00cdTV\u00c1NY, Hungary<\/h2>\non the road to a more caring and sustainable future\n\n\n\n\n\n<p><span style=\"color: #333\">Key concepts:<\/span><\/p><p><span style=\"color: #333\">Solidarity, equality, care, digital revolution.<\/span><\/p><p><span style=\"color: #333\">Ageing Europe, care crisis.&nbsp;<\/span><\/p><p><span style=\"color: #333\">A participatory approach to building and maintaining caring communities.&nbsp;<\/span><\/p><p><span style=\"color: #333\">People Care!<\/span><\/p><br>\n\n\n<p><span>Key concepts:<\/span><span><br><\/span><\/p><p><span>Permaculture, food sovereignty, autonomous communities.<\/span><\/p><p><span>Renewable energies, water security, biodiversity.&nbsp;<\/span><\/p><p><span>Local food production, integrated energy and food systems.<\/span><\/p><p><span>Earth Care!<\/span><span style=\"font-family: &quot;Open Sans&quot;, sans-serif; font-style: normal; font-weight: 400;\">&nbsp;<\/span><\/p>\n\n\n<p><span>Key concepts:<\/span><\/p><p><span>Fair distribution, circular economy, gift economy.<\/span><\/p><p><span>Silver economy, community based local economy systems.<\/span><\/p><p><span>Social innovation, based on social permaculture design.<\/span><\/p><p><span>Fair share!<\/span><\/p><span><br><\/span>\n\n\n\n\n\n\n\n\n\n\n\n\n\n\n\n\nQuo vadis?\nWe live in turbulent times\n<p><span style=\"font-size: 16px;\">The Pathfinder Foundation (Keres\u0151 Ember Alap\u00edtv\u00e1ny) was established in 2010. The organisation&#8217;s mission is to explore new alternatives, collaborate with local communities, and create opportunities for individuals who are economically or socially disadvantaged.&nbsp;<\/span><\/p><p><span style=\"font-size: 16px;\"><br><\/span><\/p><p><span style=\"font-size: 16px;\">Additionally, the foundation seeks to promote a more economically, environmentally, socially, and spiritually sustainable society, influencing both policy and practice.<\/span><\/p>\n<p><br><\/p>\n\n\n\n\n\n\nWhat we do\n<h1>Community development support<\/h1><p>1. Both online and offline<\/p><p>2. Network and social ecosystem development<\/p><p>3. Participatory process generation and support<\/p>\n<h1>Trainings<\/h1><p>1. Social venture development<\/p><p>2. Permaculture, social permaculture<\/p><p>3. Development of community-based care systems&nbsp;<\/p>\n<h1>Fundraising<\/h1><p>1. Project generation (Erasmus+, Interreg, Horizon)<\/p><p>2. Project management<\/p>\n<h1>consultancy for<\/h1><p>1. Municipalities<\/p><p>2. NGOs, local informal communities<\/p><p>3. SMEs<\/p><p>4. Companies that are looking for sustainable and socially responsible solutions<\/p>\n<h1>Research and policy<\/h1><p>1. Care and care-crisis related activities<\/p><p>2. Gender sensitive rural and regional development<\/p><p>3. Sustainability (food, energy) research&nbsp;<\/p>\n<h1>Participation in networks<\/h1><p>1. <a href=\"https:\/\/tudatosoregedeshalozat.hu\/\" target=\"blank\" rel=\"noopener\">Hungarian Conscious Ageing Network<\/a><\/p><p>2. <a href=\"https:\/\/hmcn.hu\/hu\/\" target=\"blank\" rel=\"noopener\">Hungarian Mother Center Network<\/a><\/p><p>3. <a href=\"https:\/\/herstory.hu\/\" target=\"blank\" rel=\"noopener\">HerStory Collective<\/a>&nbsp;<\/p>\n\n\n\n\n\n\n\n","protected":false},"excerpt":{"rendered":"","protected":false},"author":0,"featured_media":0,"parent":0,"menu_order":0,"comment_status":"closed","ping_status":"closed","template":"","meta":{"pagelayer_contact_templates":[],"_pagelayer_content":"","footnotes":""},"class_list":["post-7","page","type-page","status-publish","hentry"],"_links":{"self":[{"href":"https:\/\/keresoember.hu\/en\/wp-json\/wp\/v2\/pages\/7","targetHints":{"allow":["GET"]}}],"collection":[{"href":"https:\/\/keresoember.hu\/en\/wp-json\/wp\/v2\/pages"}],"about":[{"href":"https:\/\/keresoember.hu\/en\/wp-json\/wp\/v2\/types\/page"}],"replies":[{"embeddable":true,"href":"https:\/\/keresoember.hu\/en\/wp-json\/wp\/v2\/comments?post=7"}],"version-history":[{"count":44,"href":"https:\/\/keresoember.hu\/en\/wp-json\/wp\/v2\/pages\/7\/revisions"}],"predecessor-version":[{"id":113,"href":"https:\/\/keresoember.hu\/en\/wp-json\/wp\/v2\/pages\/7\/revisions\/113"}],"wp:attachment":[{"href":"https:\/\/keresoember.hu\/en\/wp-json\/wp\/v2\/media?parent=7"}],"curies":[{"name":"wp","href":"https:\/\/api.w.org\/{rel}","templated":true}]}}