{"id":8,"date":"2020-12-03T06:51:01","date_gmt":"2020-12-03T06:51:01","guid":{"rendered":"https:\/\/keresoember.hu\/en\/contact\/"},"modified":"2024-11-24T17:20:31","modified_gmt":"2024-11-24T17:20:31","slug":"contact","status":"publish","type":"page","link":"https:\/\/keresoember.hu\/en\/contact\/","title":{"rendered":"Contact"},"content":{"rendered":"\n\nContact\n\n\nAddress\n\n\n\nEmail\n\n<p>phone<\/p>\n\n\n\n\n\n\n\n\n\n\n\n\n\n\nG\u00f6d\u00f6ll\u0151\n\n\n","protected":false},"excerpt":{"rendered":"","protected":false},"author":0,"featured_media":0,"parent":0,"menu_order":0,"comment_status":"closed","ping_status":"closed","template":"","meta":{"pagelayer_contact_templates":[],"_pagelayer_content":"","footnotes":""},"class_list":["post-8","page","type-page","status-publish","hentry"],"_links":{"self":[{"href":"https:\/\/keresoember.hu\/en\/wp-json\/wp\/v2\/pages\/8","targetHints":{"allow":["GET"]}}],"collection":[{"href":"https:\/\/keresoember.hu\/en\/wp-json\/wp\/v2\/pages"}],"about":[{"href":"https:\/\/keresoember.hu\/en\/wp-json\/wp\/v2\/types\/page"}],"replies":[{"embeddable":true,"href":"https:\/\/keresoember.hu\/en\/wp-json\/wp\/v2\/comments?post=8"}],"version-history":[{"count":5,"href":"https:\/\/keresoember.hu\/en\/wp-json\/wp\/v2\/pages\/8\/revisions"}],"predecessor-version":[{"id":96,"href":"https:\/\/keresoember.hu\/en\/wp-json\/wp\/v2\/pages\/8\/revisions\/96"}],"wp:attachment":[{"href":"https:\/\/keresoember.hu\/en\/wp-json\/wp\/v2\/media?parent=8"}],"curies":[{"name":"wp","href":"https:\/\/api.w.org\/{rel}","templated":true}]}}