{"id":7,"date":"2020-12-03T06:51:01","date_gmt":"2020-12-03T06:51:01","guid":{"rendered":"https:\/\/keresoember.hu\/hu\/home\/"},"modified":"2024-11-24T17:17:18","modified_gmt":"2024-11-24T17:17:18","slug":"home","status":"publish","type":"page","link":"https:\/\/keresoember.hu\/hu\/","title":{"rendered":"Home"},"content":{"rendered":"\n\nKeres\u0151 ember alap\u00edtv\u00e1ny\n\u00faton egy gondoskod\u00f3, harmonikus t\u00e1rsadalomba\n\n\n\n\n\n<p><span style=\"color: #333\">Kulcs fogalmak:<\/span><\/p><p><span style=\"color: #333\">T\u00e1rsadalmi szolidarit\u00e1s, es\u00e9lyegyenl\u0151s\u00e9g, gondoskod\u00e1s, digit\u00e1lis forradalom.<\/span><\/p><p><span style=\"color: #333\">\u00d6reged\u0151 Eur\u00f3pa, <br>gondoskod\u00e1s v\u00e1ls\u00e1ga.<\/span><\/p>\n\n\n<p><span>Kulcs fogalmak:<\/span><span><br><\/span><\/p><p><span>Permakult\u00fara, \u00e9lelem \u00f6nrendelkez\u00e9s, fenntarthat\u00f3 k\u00f6z\u00f6ss\u00e9gi m\u0171k\u00f6d\u00e9s.<\/span><\/p><p><span>Meg\u00fajul\u00f3 energia, iv\u00f3v\u00edz biztons\u00e1g, biodiverzit\u00e1s.<\/span><span style=\"font-family: &quot;Open Sans&quot;, sans-serif; font-style: normal; font-weight: 400;\">&nbsp;<\/span><\/p>\n\n\n<p><span>Kulcs fogalmak:<\/span><\/p><p><span>Igazs\u00e1gos eloszt\u00e1s, cirkul\u00e1ris gazdas\u00e1g, aj\u00e1nd\u00e9k-gazdas\u00e1g.<\/span><\/p><p><span>Ez\u00fcst gazdas\u00e1g, k\u00f6z\u00f6ss\u00e9gi \u00fajraeloszt\u00e1s.<\/span><\/p>\n\n\n\n\n\n\n\n\n\n\n\n\n\n\n\n\nQuo vadis?\nV\u00e1ltoz\u00f3 id\u0151ket \u00e9l\u00fcnk\n<p><span style=\"font-size: 16px;\">A Keres\u0151 Ember Alap\u00edtv\u00e1ny 2010-ben alakult. C\u00e9lja, hogy utakat \u00e9s alternat\u00edv\u00e1kat keressen \u00e9s k\u00edn\u00e1ljon a gazdas\u00e1gi vagy t\u00e1rsadalmi \u00e9rtelemben h\u00e1tr\u00e1nyos helyzet\u0171 emberek sz\u00e1m\u00e1ra.&nbsp;<\/span><\/p>\n<p><span style=\"color: rgb(51, 51, 51); font-family: &quot;Open Sans&quot;, sans-serif; font-size: 14px;\"><span style=\"font-size: 16px;\"><\/span><\/span><span style=\"font-size: 16px;\">Tov\u00e1bbi c\u00e9lja, hogy tev\u00e9kenys\u00e9geivel hozz\u00e1j\u00e1ruljon egy t\u00e1rsadalmi, gazdas\u00e1gi, k\u00f6rnyezeti \u00e9s spiritu\u00e1lis szempontb\u00f3l egyar\u00e1nt fenntarthat\u00f3, harmonikus, gondoskod\u00f3 t\u00e1rsadalom kialakul\u00e1s\u00e1hoz.<\/span><span style=\"margin: 0px; padding: 0px; border: 0px; font-variant-numeric: inherit; font-variant-east-asian: inherit; font-stretch: inherit; font-size: 14px; line-height: inherit; font-family: &quot;Open Sans&quot;, sans-serif; vertical-align: baseline; overflow-wrap: break-word; color: rgb(51, 51, 51);\"><\/span><\/p>\n<p><br><\/p>\n\n\n\n\n\n\nKinek \u00e9s miben seg\u00edt\u00fcnk?\n<h1>Kinek?<\/h1><p>1. \u00d6nkorm\u00e1nyzatoknak<\/p><p>2. Helyi k\u00f6z\u00f6ss\u00e9geknek (indul\u00f3 k\u00f6z\u00f6ss\u00e9geknek is)<\/p><p>3. Kisv\u00e1llalkoz\u00e1soknak<\/p><p>4. T\u00e1rsadalmilag tudatosodni akar\u00f3, fenntarthat\u00f3s\u00e1gra t\u00f6rekv\u0151 v\u00e1llalatoknak<\/p>\n<h1>Tan\u00e1csd\u00e1s<\/h1><p>1. Vid\u00e9ki k\u00f6z\u00f6ss\u00e9gek fejleszt\u00e9se<\/p><p>2. Gondoskod\u00f3 k\u00f6z\u00f6ss\u00e9gek fejleszt\u00e9se<\/p><p>3. T\u00e1rsadalmi v\u00e1llalkoz\u00e1sok fejleszt\u00e9se<\/p><p>4. T\u00e9rs\u00e9gfejleszt\u00e9si, vid\u00e9kfejleszt\u00e9si projektek, telep\u00fcl\u00e9si \u00f6nkorm\u00e1nyzatok sz\u00e1m\u00e1ra<\/p>\n<h1>Kutat\u00e1s<\/h1><p>1. Felm\u00e9r\u00e9sek<\/p><p>2. F\u00f3kuszcsoport<\/p><p>3. Tanulm\u00e1nyok, strat\u00e9giai anyagok, policy aj\u00e1nl\u00e1sok k\u00e9sz\u00edt\u00e9se<\/p>\n<h1>K\u00e9pz\u00e9s<\/h1><p>1. Fenntarthat\u00f3s\u00e1g<\/p><p>2. Permakult\u00fara, k\u00f6z\u00f6ss\u00e9gi permakult\u00fara<\/p><p>3. T\u00e1rsadalmi v\u00e1llalkoz\u00e1s fejleszt\u00e9s<\/p><p>4. K\u00f6z\u00f6ss\u00e9g \u00e9p\u00edt\u00e9s, fejleszt\u00e9s<\/p>\n<h1>P\u00e1ly\u00e1zat\u00edr\u00e1s<\/h1><p>1. Erasmus+<\/p><p>2. Interreg<\/p><p>3. Horizon<\/p><p>4. Eur\u00f3pai partnerekkel egy\u00fcttm\u0171k\u00f6d\u00e9sek kialak\u00edt\u00e1sa<\/p>\n<p><br><\/p><p>Mi, a Keres\u0151 Ember Alap\u00edtv\u00e1nyban az\u00e9rt dolgozunk, hogy ez az \u00faj, fenttarthat\u00f3 alapokon szervez\u0151d\u0151 t\u00e1rsadalom min\u00e9l hamarabb \u00e9s min\u00e9l sz\u00e9lesebb k\u00f6rben tudjon el\u00e9rhet\u0151v\u00e9 v\u00e1lni mindazok sz\u00e1m\u00e1ra, akik ilyen k\u00f6z\u00f6ss\u00e9gekben szeretn\u00e9nek \u00e9lni.<\/p>\n\n\n\n\n\n\n\n","protected":false},"excerpt":{"rendered":"","protected":false},"author":0,"featured_media":0,"parent":0,"menu_order":0,"comment_status":"closed","ping_status":"closed","template":"","meta":{"pagelayer_contact_templates":[],"_pagelayer_content":"","footnotes":""},"class_list":["post-7","page","type-page","status-publish","hentry"],"_links":{"self":[{"href":"https:\/\/keresoember.hu\/hu\/wp-json\/wp\/v2\/pages\/7","targetHints":{"allow":["GET"]}}],"collection":[{"href":"https:\/\/keresoember.hu\/hu\/wp-json\/wp\/v2\/pages"}],"about":[{"href":"https:\/\/keresoember.hu\/hu\/wp-json\/wp\/v2\/types\/page"}],"replies":[{"embeddable":true,"href":"https:\/\/keresoember.hu\/hu\/wp-json\/wp\/v2\/comments?post=7"}],"version-history":[{"count":28,"href":"https:\/\/keresoember.hu\/hu\/wp-json\/wp\/v2\/pages\/7\/revisions"}],"predecessor-version":[{"id":88,"href":"https:\/\/keresoember.hu\/hu\/wp-json\/wp\/v2\/pages\/7\/revisions\/88"}],"wp:attachment":[{"href":"https:\/\/keresoember.hu\/hu\/wp-json\/wp\/v2\/media?parent=7"}],"curies":[{"name":"wp","href":"https:\/\/api.w.org\/{rel}","templated":true}]}}