{"id":9,"date":"2020-12-03T06:51:02","date_gmt":"2020-12-03T06:51:02","guid":{"rendered":"https:\/\/keresoember.hu\/hu\/classes\/"},"modified":"2020-12-04T23:05:57","modified_gmt":"2020-12-04T23:05:57","slug":"projects","status":"publish","type":"page","link":"https:\/\/keresoember.hu\/hu\/projects\/","title":{"rendered":"Projektek"},"content":{"rendered":"\n\n\nf\u0151 tev\u00e9kenys\u00e9gi ter\u00fcletek\n\n\n\n\n<h4 class=\"sm-team-member-heading-2\"><br><\/h4><p>Projektek a permakult\u00fara etik\u00e1j\u00e1nak szellem\u00e9ben.<\/p>\n\n\n\n\n<h4 class=\"sm-team-member-heading-2\"><br><\/h4><p>K\u00f6z\u00f6ss\u00e9gi \u00e9s egy\u00e9ni megold\u00e1sok.<\/p>\n\n\n<h4 class=\"sm-team-member-heading-2\"><br><\/h4><p>Eszk\u00f6z\u00f6k, tanul\u00e1s, hozz\u00e1f\u00e9r\u00e9s, mindenki sz\u00e1m\u00e1ra.<\/p>\n\n\n\n\n<h4 class=\"sm-team-member-heading-2\"><br><\/h4><p>Minden koroszt\u00e1ly sz\u00e1m\u00e1ra.<\/p>\n\n\n","protected":false},"excerpt":{"rendered":"","protected":false},"author":1,"featured_media":0,"parent":0,"menu_order":0,"comment_status":"closed","ping_status":"closed","template":"","meta":{"pagelayer_contact_templates":[],"_pagelayer_content":"","footnotes":""},"class_list":["post-9","page","type-page","status-publish","hentry"],"_links":{"self":[{"href":"https:\/\/keresoember.hu\/hu\/wp-json\/wp\/v2\/pages\/9","targetHints":{"allow":["GET"]}}],"collection":[{"href":"https:\/\/keresoember.hu\/hu\/wp-json\/wp\/v2\/pages"}],"about":[{"href":"https:\/\/keresoember.hu\/hu\/wp-json\/wp\/v2\/types\/page"}],"author":[{"embeddable":true,"href":"https:\/\/keresoember.hu\/hu\/wp-json\/wp\/v2\/users\/1"}],"replies":[{"embeddable":true,"href":"https:\/\/keresoember.hu\/hu\/wp-json\/wp\/v2\/comments?post=9"}],"version-history":[{"count":8,"href":"https:\/\/keresoember.hu\/hu\/wp-json\/wp\/v2\/pages\/9\/revisions"}],"predecessor-version":[{"id":73,"href":"https:\/\/keresoember.hu\/hu\/wp-json\/wp\/v2\/pages\/9\/revisions\/73"}],"wp:attachment":[{"href":"https:\/\/keresoember.hu\/hu\/wp-json\/wp\/v2\/media?parent=9"}],"curies":[{"name":"wp","href":"https:\/\/api.w.org\/{rel}","templated":true}]}}